{"id":171,"date":"2026-01-20T01:59:10","date_gmt":"2026-01-20T01:59:10","guid":{"rendered":"https:\/\/pedrogarcia.fpcei.eu\/?post_type=product&#038;p=171"},"modified":"2026-01-20T01:59:10","modified_gmt":"2026-01-20T01:59:10","slug":"eheim-eheim-vivalineled-126-blanco-iva-21","status":"publish","type":"product","link":"https:\/\/pedrogarcia.fpcei.eu\/?product=eheim-eheim-vivalineled-126-blanco-iva-21","title":{"rendered":"Eheim EHEIM vivalineLED 126 Blanco (iva 21%)"},"content":{"rendered":"<pre id=\"tw-target-text\" class=\"tw-data-text tw-text-large tw-ta\" dir=\"ltr\" tabindex=\"-1\" role=\"text\" data-placeholder=\"Traducci\u00f3n\" data-ved=\"2ahUKEwiv_fvugJmSAxW0VqQEHebDJwAQ3ewLegQIBBAW\" aria-label=\"Texto traducido: EHEIM vivalineLED 126 plug &amp; play en perfecci\u00f3n\r\n\r\nLas nuevas combinaciones de acuarios de agua dulce, EHEIM vivalineLED, est\u00e1n disponibles en innumerables combinaciones de colores. Con su dise\u00f1o sencillo, atemporal y siempre moderno y sus l\u00edneas rectas recuerdan a la arquitectura Bauhaus.\"><span class=\"Y2IQFc\" lang=\"es\">EHEIM vivalineLED 126 plug &amp; play en perfecci\u00f3n\r\n\r\nLas nuevas combinaciones de acuarios de agua dulce, EHEIM vivalineLED, \r\nest\u00e1n disponibles en innumerables combinaciones de colores. Con su dise\u00f1o sencillo,\r\natemporal y siempre moderno y sus l\u00edneas rectas recuerdan a la arquitectura Bauhaus.<\/span><\/pre>\n","protected":false},"excerpt":{"rendered":"<p>Acuario moderno y minimalista de 30L<\/p>\n","protected":false},"featured_media":172,"comment_status":"open","ping_status":"closed","template":"","meta":{"site-sidebar-layout":"default","site-content-layout":"","ast-site-content-layout":"default","site-content-style":"default","site-sidebar-style":"default","ast-global-header-display":"","ast-banner-title-visibility":"","ast-main-header-display":"","ast-hfb-above-header-display":"","ast-hfb-below-header-display":"","ast-hfb-mobile-header-display":"","site-post-title":"","ast-breadcrumbs-content":"","ast-featured-img":"","footer-sml-layout":"","ast-disable-related-posts":"","theme-transparent-header-meta":"default","adv-header-id-meta":"","stick-header-meta":"","header-above-stick-meta":"","header-main-stick-meta":"","header-below-stick-meta":"","astra-migrate-meta-layouts":"set","ast-page-background-enabled":"default","ast-page-background-meta":{"desktop":{"background-color":"var(--ast-global-color-5)","background-image":"","background-repeat":"repeat","background-position":"center center","background-size":"auto","background-attachment":"scroll","background-type":"","background-media":"","overlay-type":"","overlay-color":"","overlay-opacity":"","overlay-gradient":""},"tablet":{"background-color":"","background-image":"","background-repeat":"repeat","background-position":"center center","background-size":"auto","background-attachment":"scroll","background-type":"","background-media":"","overlay-type":"","overlay-color":"","overlay-opacity":"","overlay-gradient":""},"mobile":{"background-color":"","background-image":"","background-repeat":"repeat","background-position":"center center","background-size":"auto","background-attachment":"scroll","background-type":"","background-media":"","overlay-type":"","overlay-color":"","overlay-opacity":"","overlay-gradient":""}},"ast-content-background-meta":{"desktop":{"background-color":"var(--ast-global-color-4)","background-image":"","background-repeat":"repeat","background-position":"center center","background-size":"auto","background-attachment":"scroll","background-type":"","background-media":"","overlay-type":"","overlay-color":"","overlay-opacity":"","overlay-gradient":""},"tablet":{"background-color":"var(--ast-global-color-4)","background-image":"","background-repeat":"repeat","background-position":"center center","background-size":"auto","background-attachment":"scroll","background-type":"","background-media":"","overlay-type":"","overlay-color":"","overlay-opacity":"","overlay-gradient":""},"mobile":{"background-color":"var(--ast-global-color-4)","background-image":"","background-repeat":"repeat","background-position":"center center","background-size":"auto","background-attachment":"scroll","background-type":"","background-media":"","overlay-type":"","overlay-color":"","overlay-opacity":"","overlay-gradient":""}}},"product_brand":[],"product_cat":[30,31],"product_tag":[32,34,33],"class_list":{"0":"post-171","1":"product","2":"type-product","3":"status-publish","4":"has-post-thumbnail","6":"product_cat-acuario","7":"product_cat-minimalista","8":"product_tag-acuario","9":"product_tag-minimalista","10":"product_tag-moderno","11":"desktop-align-left","12":"tablet-align-left","13":"mobile-align-left","15":"first","16":"instock","17":"taxable","18":"shipping-taxable","19":"purchasable","20":"product-type-simple"},"_links":{"self":[{"href":"https:\/\/pedrogarcia.fpcei.eu\/index.php?rest_route=\/wp\/v2\/product\/171","targetHints":{"allow":["GET"]}}],"collection":[{"href":"https:\/\/pedrogarcia.fpcei.eu\/index.php?rest_route=\/wp\/v2\/product"}],"about":[{"href":"https:\/\/pedrogarcia.fpcei.eu\/index.php?rest_route=\/wp\/v2\/types\/product"}],"replies":[{"embeddable":true,"href":"https:\/\/pedrogarcia.fpcei.eu\/index.php?rest_route=%2Fwp%2Fv2%2Fcomments&post=171"}],"wp:featuredmedia":[{"embeddable":true,"href":"https:\/\/pedrogarcia.fpcei.eu\/index.php?rest_route=\/wp\/v2\/media\/172"}],"wp:attachment":[{"href":"https:\/\/pedrogarcia.fpcei.eu\/index.php?rest_route=%2Fwp%2Fv2%2Fmedia&parent=171"}],"wp:term":[{"taxonomy":"product_brand","embeddable":true,"href":"https:\/\/pedrogarcia.fpcei.eu\/index.php?rest_route=%2Fwp%2Fv2%2Fproduct_brand&post=171"},{"taxonomy":"product_cat","embeddable":true,"href":"https:\/\/pedrogarcia.fpcei.eu\/index.php?rest_route=%2Fwp%2Fv2%2Fproduct_cat&post=171"},{"taxonomy":"product_tag","embeddable":true,"href":"https:\/\/pedrogarcia.fpcei.eu\/index.php?rest_route=%2Fwp%2Fv2%2Fproduct_tag&post=171"}],"curies":[{"name":"wp","href":"https:\/\/api.w.org\/{rel}","templated":true}]}}